{"id":16,"date":"2021-02-20T02:40:22","date_gmt":"2021-02-20T01:40:22","guid":{"rendered":"http:\/\/genocan.mevia.dev\/?page_id=16"},"modified":"2021-08-30T14:19:54","modified_gmt":"2021-08-30T12:19:54","slug":"contacts","status":"publish","type":"page","link":"https:\/\/genocan.eu\/cs\/contacts\/","title":{"rendered":"Kontakt"},"content":{"rendered":"<div class=\"wp-block-columns is-layout-flex wp-container-core-columns-is-layout-9d6595d7 wp-block-columns-is-layout-flex\">\n<div class=\"wp-block-column is-layout-flow wp-block-column-is-layout-flow\">\n<div class=\"wp-block-group\"><div class=\"wp-block-group__inner-container is-layout-flow wp-block-group-is-layout-flow\">\n<p><strong>Adresa laborato\u0159e:<\/strong><\/p>\n\n\n\n<div class=\"wp-block-columns is-layout-flex wp-container-core-columns-is-layout-9d6595d7 wp-block-columns-is-layout-flex\">\n<div class=\"wp-block-column is-layout-flow wp-block-column-is-layout-flow\" style=\"flex-basis:100%\">\n<p>GenoCan s.r.o.<\/p>\n\n\n\n<p>K\u0159i\u017e\u00edkova 70<\/p>\n\n\n\n<p>612 00 Brno<\/p>\n\n\n\n<p>\u010cesk\u00e1 republika<\/p>\n<\/div>\n<\/div>\n\n\n\n<p><\/p>\n<\/div><\/div>\n<\/div>\n\n\n\n<div class=\"wp-block-column is-layout-flow wp-block-column-is-layout-flow\">\n<p><strong>Kontaktn\u00ed osoba:<\/strong><\/p>\n\n\n\n<p>Miroslav Hor\u0148\u00e1k, Ph.D.<\/p>\n\n\n\n<p>tel.: &nbsp; &nbsp; +420 776 850 577<\/p>\n\n\n\n<p>e-mail: &nbsp;<a rel=\"noreferrer noopener\" href=\"mailto:info@genocan.eu\" target=\"_blank\">info@genocan.eu<\/a><\/p>\n<\/div>\n<\/div>\n\n\n\n<iframe loading=\"lazy\" style=\"border:none\" src=\"https:\/\/frame.mapy.cz\/s\/komucojeca\" width=\"100%\" height=\"280\" frameborder=\"0\"><\/iframe>\n\n\n\n<p><\/p>","protected":false},"excerpt":{"rendered":"<p>Adresa laborato\u0159e: GenoCan s.r.o. K\u0159i\u017e\u00edkova 70 612 00 Brno \u010cesk\u00e1 republika Kontaktn\u00ed osoba: Miroslav Hor\u0148\u00e1k, Ph.D. tel.: &nbsp; &nbsp; +420 776 850 577 e-mail: &nbsp;info@genocan.eu<\/p>\n","protected":false},"author":1,"featured_media":0,"parent":0,"menu_order":0,"comment_status":"closed","ping_status":"closed","template":"","meta":{"_acf_changed":false,"_editorskit_title_hidden":false,"_editorskit_reading_time":0,"_editorskit_is_block_options_detached":false,"_editorskit_block_options_position":"{}","om_disable_all_campaigns":false,"_monsterinsights_skip_tracking":false,"_monsterinsights_sitenote_active":false,"_monsterinsights_sitenote_note":"","_monsterinsights_sitenote_category":0,"footnotes":""},"class_list":["post-16","page","type-page","status-publish","hentry"],"acf":[],"aioseo_notices":[],"_links":{"self":[{"href":"https:\/\/genocan.eu\/cs\/wp-json\/wp\/v2\/pages\/16","targetHints":{"allow":["GET"]}}],"collection":[{"href":"https:\/\/genocan.eu\/cs\/wp-json\/wp\/v2\/pages"}],"about":[{"href":"https:\/\/genocan.eu\/cs\/wp-json\/wp\/v2\/types\/page"}],"author":[{"embeddable":true,"href":"https:\/\/genocan.eu\/cs\/wp-json\/wp\/v2\/users\/1"}],"replies":[{"embeddable":true,"href":"https:\/\/genocan.eu\/cs\/wp-json\/wp\/v2\/comments?post=16"}],"version-history":[{"count":0,"href":"https:\/\/genocan.eu\/cs\/wp-json\/wp\/v2\/pages\/16\/revisions"}],"wp:attachment":[{"href":"https:\/\/genocan.eu\/cs\/wp-json\/wp\/v2\/media?parent=16"}],"curies":[{"name":"wp","href":"https:\/\/api.w.org\/{rel}","templated":true}]}}