{"id":186,"date":"2021-04-02T23:23:39","date_gmt":"2021-04-02T21:23:39","guid":{"rendered":"https:\/\/genocan.mevia.dev\/?page_id=186"},"modified":"2024-09-19T15:13:20","modified_gmt":"2024-09-19T13:13:20","slug":"about-us","status":"publish","type":"page","link":"https:\/\/genocan.eu\/cs\/about-us\/","title":{"rendered":"O n\u00e1s"},"content":{"rendered":"<p>N\u00e1\u0161 t\u00fdm se skl\u00e1d\u00e1 z odborn\u00edk\u016f dlouhodob\u011b se zab\u00fdvaj\u00edc\u00edch genetikou zv\u00ed\u0159at.<\/p>\n\n\n\n<div style=\"height:38px\" aria-hidden=\"true\" class=\"wp-block-spacer\"><\/div>\n\n\n\n<div class=\"wp-block-media-text alignwide is-stacked-on-mobile is-vertically-aligned-top\" style=\"grid-template-columns:26% auto\"><figure class=\"wp-block-media-text__media\"><img loading=\"lazy\" decoding=\"async\" width=\"916\" height=\"1024\" src=\"https:\/\/genocan.eu\/wp-content\/uploads\/2024\/05\/MHornak_photo3-2-916x1024.jpg\" alt=\"\" class=\"wp-image-2380 size-full\" srcset=\"https:\/\/genocan.eu\/wp-content\/uploads\/2024\/05\/MHornak_photo3-2-916x1024.jpg 916w, https:\/\/genocan.eu\/wp-content\/uploads\/2024\/05\/MHornak_photo3-2-268x300.jpg 268w, https:\/\/genocan.eu\/wp-content\/uploads\/2024\/05\/MHornak_photo3-2-768x858.jpg 768w, https:\/\/genocan.eu\/wp-content\/uploads\/2024\/05\/MHornak_photo3-2.jpg 1260w\" sizes=\"auto, (max-width: 916px) 100vw, 916px\" \/><\/figure><div class=\"wp-block-media-text__content\">\n<h2 class=\"wp-block-heading\">Mgr. Miroslav Hor\u0148\u00e1k, Ph.D.<\/h2>\n\n\n\n<p>vedouc\u00ed laborato\u0159e<\/p>\n\n\n\n<p>Miroslav vystudoval v roce 2004 obor Molekul\u00e1rn\u00ed biologie a\u00a0genetika na\u00a0Masarykov\u011b univerzit\u011b v\u00a0Brn\u011b a pot\u00e9 z\u00edskal titul Ph.D. studiem doktorsk\u00e9ho programu Obecn\u00e1 a molekul\u00e1rn\u00ed genetika. Byl dlouholet\u00fdm pracovn\u00edkem V\u00fdzkumn\u00e9ho \u00fastavu veterin\u00e1rn\u00edho l\u00e9ka\u0159stv\u00ed v Brn\u011b. V\u011bnoval se samostatn\u00e9 v\u011bdeck\u00e9 \u010dinnosti a pr\u00e1ci molekul\u00e1rn\u00edho genetika. Nyn\u00ed se zab\u00fdv\u00e1 zejm\u00e9na genetick\u00fdm testov\u00e1n\u00edm dom\u00e1c\u00edch a hospod\u00e1\u0159sk\u00fdch zv\u00ed\u0159at v r\u00e1mci prevence jejich zdrav\u00ed. Je autorem n\u011bkolika v\u011bdeck\u00fdch publikac\u00ed na dan\u00e9 t\u00e9ma a s nad\u0161en\u00edm se v\u011bnuje v\u00fdvoji nov\u00fdch genetick\u00fdch test\u016f.<\/p>\n<\/div><\/div>\n\n\n\n<div class=\"wp-block-media-text alignwide is-stacked-on-mobile is-vertically-aligned-top\" style=\"grid-template-columns:26% auto\"><figure class=\"wp-block-media-text__media\"><img loading=\"lazy\" decoding=\"async\" width=\"1024\" height=\"948\" src=\"https:\/\/genocan.eu\/wp-content\/uploads\/2024\/09\/Hanka-foto-2-1024x948.jpg\" alt=\"\" class=\"wp-image-2569 size-full\" srcset=\"https:\/\/genocan.eu\/wp-content\/uploads\/2024\/09\/Hanka-foto-2-1024x948.jpg 1024w, https:\/\/genocan.eu\/wp-content\/uploads\/2024\/09\/Hanka-foto-2-300x278.jpg 300w, https:\/\/genocan.eu\/wp-content\/uploads\/2024\/09\/Hanka-foto-2-768x711.jpg 768w, https:\/\/genocan.eu\/wp-content\/uploads\/2024\/09\/Hanka-foto-2-1536x1423.jpg 1536w, https:\/\/genocan.eu\/wp-content\/uploads\/2024\/09\/Hanka-foto-2-2048x1897.jpg 2048w\" sizes=\"auto, (max-width: 1024px) 100vw, 1024px\" \/><\/figure><div class=\"wp-block-media-text__content\">\n<h2 class=\"wp-block-heading\">Mgr. Hana Hradsk\u00e1, Ph.D.<\/h2>\n\n\n\n<p>molekul\u00e1rn\u00ed biolog<\/p>\n\n\n\n<p>Hana z\u00edskala titul v oboru molekul\u00e1rn\u00ed biologie a genetiky na Masarykov\u011b univerzit\u011b v Brn\u011b v roce 2011. V roce 2015 pak dokon\u010dila doktor\u00e1t se specializac\u00ed obecn\u00e1 a molekul\u00e1rn\u00ed genetika. B\u011bhem sv\u00e9ho p\u016fsoben\u00ed na V\u00fdzkumn\u00e9m \u00fastavu veterin\u00e1rn\u00edho l\u00e9ka\u0159stv\u00ed v Brn\u011b se zam\u011b\u0159ovala p\u0159edev\u0161\u00edm na genetiku hospod\u00e1\u0159sk\u00fdch zv\u00ed\u0159at, p\u0159i\u010dem\u017e se pod\u00edlela i na projektech v oblasti lidsk\u00e9 genetiky.<\/p>\n\n\n\n<p>Mimo svou v\u011bdeckou kari\u00e9ru se Hana intenzivn\u011b v\u011bnuje ps\u00edm sport\u016fm, zejm\u00e9na agility se sv\u00fdmi dv\u011bma pudly.<\/p>\n<\/div><\/div>\n\n\n\n<div class=\"wp-block-media-text alignwide is-stacked-on-mobile is-vertically-aligned-center\" style=\"grid-template-columns:26% auto\"><figure class=\"wp-block-media-text__media\"><img loading=\"lazy\" decoding=\"async\" width=\"604\" height=\"604\" src=\"https:\/\/genocan.eu\/wp-content\/uploads\/2021\/04\/z_vlasta-linkova-604x604-1.jpg\" alt=\"\" class=\"wp-image-250 size-full\" srcset=\"https:\/\/genocan.eu\/wp-content\/uploads\/2021\/04\/z_vlasta-linkova-604x604-1.jpg 604w, https:\/\/genocan.eu\/wp-content\/uploads\/2021\/04\/z_vlasta-linkova-604x604-1-300x300.jpg 300w, https:\/\/genocan.eu\/wp-content\/uploads\/2021\/04\/z_vlasta-linkova-604x604-1-150x150.jpg 150w, https:\/\/genocan.eu\/wp-content\/uploads\/2021\/04\/z_vlasta-linkova-604x604-1-120x120.jpg 120w\" sizes=\"auto, (max-width: 604px) 100vw, 604px\" \/><\/figure><div class=\"wp-block-media-text__content\">\n<h2 class=\"wp-block-heading\">MVDr. Vlasta Linkov\u00e1<\/h2>\n\n\n\n<p>veterin\u00e1rn\u00ed l\u00e9ka\u0159ka<\/p>\n\n\n\n<p>Vlasta je \u00faspe\u0161nou absolventkou Vysok\u00e9 \u0161koly veterin\u00e1rn\u00ed, obor v\u0161eobecn\u00e9 veterin\u00e1rn\u00ed l\u00e9ka\u0159stv\u00ed. V roce 2005 z\u00edskala atestaci \u201eVy\u0161et\u0159ovac\u00ed metody v klinick\u00e9 genetice&#8220;. Zab\u00fdv\u00e1 se cytogenetikou a genetick\u00fdmi chorobami lid\u00ed a zv\u00ed\u0159at. Je rovn\u011b\u017e milovnic\u00ed ps\u016f.<\/p>\n<\/div><\/div>\n\n\n\n<p><\/p>","protected":false},"excerpt":{"rendered":"<p>N\u00e1\u0161 t\u00fdm se skl\u00e1d\u00e1 z odborn\u00edk\u016f dlouhodob\u011b se zab\u00fdvaj\u00edc\u00edch genetikou zv\u00ed\u0159at. Mgr. Miroslav Hor\u0148\u00e1k, Ph.D. vedouc\u00ed laborato\u0159e Miroslav vystudoval v roce 2004 obor Molekul\u00e1rn\u00ed biologie a\u00a0genetika na\u00a0Masarykov\u011b univerzit\u011b v\u00a0Brn\u011b a pot\u00e9 z\u00edskal titul Ph.D. studiem doktorsk\u00e9ho programu Obecn\u00e1 a molekul\u00e1rn\u00ed genetika. Byl dlouholet\u00fdm pracovn\u00edkem V\u00fdzkumn\u00e9ho \u00fastavu veterin\u00e1rn\u00edho l\u00e9ka\u0159stv\u00ed v Brn\u011b. V\u011bnoval se samostatn\u00e9 v\u011bdeck\u00e9 \u010dinnosti [&hellip;]<\/p>\n","protected":false},"author":1,"featured_media":0,"parent":0,"menu_order":0,"comment_status":"closed","ping_status":"closed","template":"","meta":{"_acf_changed":false,"_editorskit_title_hidden":false,"_editorskit_reading_time":0,"_editorskit_is_block_options_detached":false,"_editorskit_block_options_position":"{}","om_disable_all_campaigns":false,"_monsterinsights_skip_tracking":false,"_monsterinsights_sitenote_active":false,"_monsterinsights_sitenote_note":"","_monsterinsights_sitenote_category":0,"footnotes":""},"class_list":["post-186","page","type-page","status-publish","hentry"],"acf":[],"aioseo_notices":[],"_links":{"self":[{"href":"https:\/\/genocan.eu\/cs\/wp-json\/wp\/v2\/pages\/186","targetHints":{"allow":["GET"]}}],"collection":[{"href":"https:\/\/genocan.eu\/cs\/wp-json\/wp\/v2\/pages"}],"about":[{"href":"https:\/\/genocan.eu\/cs\/wp-json\/wp\/v2\/types\/page"}],"author":[{"embeddable":true,"href":"https:\/\/genocan.eu\/cs\/wp-json\/wp\/v2\/users\/1"}],"replies":[{"embeddable":true,"href":"https:\/\/genocan.eu\/cs\/wp-json\/wp\/v2\/comments?post=186"}],"version-history":[{"count":0,"href":"https:\/\/genocan.eu\/cs\/wp-json\/wp\/v2\/pages\/186\/revisions"}],"wp:attachment":[{"href":"https:\/\/genocan.eu\/cs\/wp-json\/wp\/v2\/media?parent=186"}],"curies":[{"name":"wp","href":"https:\/\/api.w.org\/{rel}","templated":true}]}}